




{"id":36038,"date":"2024-03-18T08:08:59","date_gmt":"2024-03-18T08:08:59","guid":{"rendered":"https:\/\/gustaras.com\/store-listing\/"},"modified":"2025-02-07T05:45:32","modified_gmt":"2025-02-07T05:45:32","slug":"parduotuviu-sarasas","status":"publish","type":"page","link":"https:\/\/gustaras.com\/lt\/parduotuviu-sarasas\/","title":{"rendered":"Parduotuvi\u0173 s\u0105ra\u0161as"},"content":{"rendered":"\r\n<div>\r\n                                <div class=\"hero_text5\">\r\n                            <span class=\"first_line_hero\">\r\n                                                                <b>\r\n                                    internetin\u0117 parduotuv\u0117                                <\/b>\r\n                            <\/span>\r\n                            <span class=\"second_line_hero\">\r\n                                Meninink\u0173 k\u016brini\u0173                             <\/span>\r\n            <\/div>\r\n        <\/div>\r\n\r\n<div class=\"container\">\r\n<div class=\"top content\">\r\n   <div class=\"top content\">\r\n    <div class=\"category-filter-container1\" style=\"background-color: black;\">\r\n        <form id=\"category-filter-form\" method=\"GET\" action=\"\">\r\n            <select name=\"store_categories[]\" onchange=\"this.form.submit()\" style=\"width: 100%; padding: 10px; font-size: 15px; color: rgb(194, 194, 194); background-color: black; border: 1px solid #cccccc;\"><option value=\"\">Art styles<\/option><option value=\"photography-lt\" >Fotografija<\/option><option value=\"iliustracija-lt\" >Iliustracija<\/option><option value=\"other-lt\" >Kita<\/option><option value=\"skaitmeninis-menas\" >Skaitmeninis menas<\/option><option value=\"tapyba\" >Tapyba<\/option><option value=\"maps-lt\" >\u017dem\u0117lapiai<\/option><\/select>        <\/form>\r\n<\/div>\r\n\r\n<style>\r\n    select {\r\n        background-color: black;\r\n        color: rgb(194, 194, 194);\r\n        -webkit-appearance: none; \r\n        -moz-appearance: none;\r\n        appearance: none;\r\n        padding: 10px;\r\n        font-size: 15px;\r\n        width: 100%;\r\n        border: 1px solid rgb(194, 194, 194);\r\n        border-radius: 4px; \r\n        outline: none; \r\n        background-image: url('data:image\/svg+xml;utf8,<svg fill=\"%23cccccc\" height=\"12\" viewBox=\"0 0 24 24\" width=\"12\" xmlns=\"http:\/\/www.w3.org\/2000\/svg\"><path d=\"M7 10l5 5 5-5z\"\/><\/svg>'); \r\n        background-repeat: no-repeat;\r\n        background-position: right 10px center; \r\n        background-size: 25px; \r\n        cursor: pointer; \r\n    }\r\n\r\n    select option {\r\n        background-color: white;\r\n        color: black; \r\n    }\r\n<\/style>\r\n\r\n            <div id=\"dokan-store-listing-filter-wrap\">\r\n                <div class=\"right\">\r\n             <p class=\"item store-count\">\r\n                   Visi menininkai: 43\r\n                <\/p>\r\n\r\n            <div class=\"left\">\r\n               <form name=\"stores_sorting\" class=\"sort-by item\" method=\"get\">\r\n                <label>R\u016b\u0161iuoti pagal:<\/label>\r\n\r\n                <select name=\"stores_orderby\" id=\"stores_orderby\"\r\n                    aria-label=\"R\u016b\u0161iuoti pagal\">\r\n                    <option value='most_recent' selected='selected'>Most Recent<\/option><option value='total_orders'>Most Popular<\/option><option value='random'>Random<\/option><option value='top_rated'>Top Rated<\/option><option value='most_reviewed'>Most Reviewed<\/option>                <\/select>\r\n            <\/form>\r\n            <\/div>\r\n        <\/div>\r\n    <\/div>\r\n<\/div>\r\n<div class=\"content_vendors_pos\">\r\n    <div class=\"filters_pos_lis\">\r\n        \r\n   <script src=\"https:\/\/code.jquery.com\/jquery-3.6.0.min.js\"><\/script>\r\n<script>\r\n    document.addEventListener('DOMContentLoaded', function() {\r\n        const checkboxes = document.querySelectorAll('input[type=\"checkbox\"]');\r\n\r\n        checkboxes.forEach(function(checkbox) {\r\n            checkbox.addEventListener('change', function() {\r\n                const label = this.closest('div').querySelector('label[for=\"' + this.value + '\"]');\r\n                if (this.checked) {\r\n                    label.style.fontWeight = '700';\r\n                } else {\r\n                    label.style.fontWeight = '400';\r\n                }\r\n            });\r\n\r\n            \/\/ Jei checkbox pa\u017eym\u0117tas, i\u0161kart pritaikyti stili\u0173\r\n            if (checkbox.checked) {\r\n                const label = checkbox.closest('div').querySelector('label[for=\"' + checkbox.value + '\"]');\r\n                label.style.fontWeight = '700';\r\n            }\r\n        });\r\n    });\r\n    \r\n    \r\n    \r\n<\/script>\r\n\r\n\r\n            \r\n<style>\r\n    .category-filter-title {\r\n        font-size: 17px;\r\n        color: #ffffff; \/* Balta spalva *\/\r\n        text-align: left; \/* Lygiavimas kair\u0117je *\/\r\n        margin-bottom: 15px;\r\n        margin-left: 4px;\r\n        padding-top: 20px;\r\n    }\r\n\r\n    .category-filter-container {\r\n        padding-bottom: 20px;\r\n        border-bottom: 1px solid #ffffff; \/* Balta linija per vis\u0105 plot\u0105 *\/\r\n    }\r\n\r\n    .custom-checkbox {\r\n        position: relative;\r\n        display: inline-block;\r\n        width: 20px;\r\n        height: 20px;\r\n    }\r\n\r\n    .custom-checkbox input[type=\"checkbox\"] {\r\n        opacity: 0;\r\n        width: 0;\r\n        height: 0;\r\n    }\r\n\r\n    .custom-checkbox span {\r\n        position: absolute;\r\n        top: 0;\r\n        left: 0;\r\n        height: 21px;\r\n        width: 21px;\r\n        background-color: #595959; \/* Pilka spalva *\/\r\n        border: 1px solid #595959;\r\n        border-radius: 5px; \/* Prid\u0117tas radius *\/\r\n        cursor: pointer;\r\n    }\r\n\r\n    .custom-checkbox input[type=\"checkbox\"]:checked + span {\r\n        background-color: #969490; \/* M\u0117lyna spalva kai pa\u017eym\u0117ta *\/\r\n    }\r\n\r\n    .custom-checkbox span:after {\r\n        content: \"\";\r\n        position: absolute;\r\n        display: none;\r\n        left: 50%;\r\n        top: 45%;\r\n        width: 7px;\r\n        height: 10px;\r\n        border: solid white;\r\n        border-width: 0 2px 2px 0;\r\n        transform: translate(-50%, -50%) rotate(45deg);\r\n    }\r\n\r\n    .custom-checkbox input[type=\"checkbox\"]:checked + span:after {\r\n        display: block;\r\n    }\r\n\r\n    \/* Papildoma taisykl\u0117 *\/\r\n    .custom-checkbox:hover span:after {\r\n        display: none; \/* Slepiame varnel\u0119, kai pel\u0117s \u017eymeklis yra vir\u0161 checkbox *\/\r\n    }\r\n\r\n    .custom-checkbox input[type=\"checkbox\"]:checked:hover + span:after {\r\n        display: block; \/* U\u017etikriname, kad varnel\u0117 rodoma, kai checkbox yra pa\u017eym\u0117tas *\/\r\n    }\r\n\r\n    .category-filter-container, .category-filter-container1 label {\r\n        color: #808080; \/* Teksto spalva nustatyta \u012f #808080 *\/\r\n        font-weight: 400; \/* Nustatytas pradinis teksto storis *\/\r\n    }\r\n\r\n    .custom-checkbox input[type=\"checkbox\"]:checked + span + label {\r\n        font-weight: 700 !important; \/* U\u017etikrina, kad teksto storis b\u016bt\u0173 700 *\/\r\n    }\r\n\r\n    .custom-checkbox input[type=\"checkbox\"]:checked + span {\r\n        display: flex;\r\n        align-items: center;\r\n        justify-content: center;\r\n    }\r\n<\/style>\r\n\r\n\r\n<div class=\"category-filter-container\">\r\n      <div style=\"width: 100%; height: 1px; background-color: #fff; margin-bottom: 5px; margin-top: 20px;\"><\/div> \r\n    <div class=\"category-filter-title\">Meno stiliai<\/div>\r\n    <form id=\"category-filter-form\" method=\"GET\" action=\"\">\r\n        <div style=\"margin-bottom: 15px;justify-content: left;display: flex;\"><label class=\"custom-checkbox\"><input type=\"checkbox\" name=\"store_categories[]\" value=\"photography-lt\"  onchange=\"this.form.submit()\"><span><\/span><\/label><label for=\"photography-lt\" style=\"font-size: 15px; margin-left: 8px; \">Fotografija<\/label><\/div><div style=\"margin-bottom: 15px;justify-content: left;display: flex;\"><label class=\"custom-checkbox\"><input type=\"checkbox\" name=\"store_categories[]\" value=\"iliustracija-lt\"  onchange=\"this.form.submit()\"><span><\/span><\/label><label for=\"iliustracija-lt\" style=\"font-size: 15px; margin-left: 8px; \">Iliustracija<\/label><\/div><div style=\"margin-bottom: 15px;justify-content: left;display: flex;\"><label class=\"custom-checkbox\"><input type=\"checkbox\" name=\"store_categories[]\" value=\"other-lt\"  onchange=\"this.form.submit()\"><span><\/span><\/label><label for=\"other-lt\" style=\"font-size: 15px; margin-left: 8px; \">Kita<\/label><\/div><div style=\"margin-bottom: 15px;justify-content: left;display: flex;\"><label class=\"custom-checkbox\"><input type=\"checkbox\" name=\"store_categories[]\" value=\"skaitmeninis-menas\"  onchange=\"this.form.submit()\"><span><\/span><\/label><label for=\"skaitmeninis-menas\" style=\"font-size: 15px; margin-left: 8px; \">Skaitmeninis menas<\/label><\/div><div style=\"margin-bottom: 15px;justify-content: left;display: flex;\"><label class=\"custom-checkbox\"><input type=\"checkbox\" name=\"store_categories[]\" value=\"tapyba\"  onchange=\"this.form.submit()\"><span><\/span><\/label><label for=\"tapyba\" style=\"font-size: 15px; margin-left: 8px; \">Tapyba<\/label><\/div><div style=\"margin-bottom: 15px;justify-content: left;display: flex;\"><label class=\"custom-checkbox\"><input type=\"checkbox\" name=\"store_categories[]\" value=\"maps-lt\"  onchange=\"this.form.submit()\"><span><\/span><\/label><label for=\"maps-lt\" style=\"font-size: 15px; margin-left: 8px; \">\u017dem\u0117lapiai<\/label><\/div>    <\/form>\r\n<\/div>\r\n\r\n\r\n\r\n\r\n\r\n\r\n\r\n       \r\n\r\n                        <input type=\"hidden\" id=\"_store_filter_nonce\" name=\"_store_filter_nonce\" value=\"58eba3c71a\" \/>        <\/form>\r\n    <\/div><div id=\"dokan-seller-listing-wrap\" class=\"grid-view\">\r\n\r\n    <div class=\"seller-listing-content\">\r\n                    <ul class=\"dokan-seller-wrap\">\r\n                \r\n                    <li\r\n                        class=\"dokan-single-seller woocommerce coloum-3 \">\r\n                        <div class=\"vendor_pos_home\">\r\n                            <div class=\"banner-container\">\r\n                                                                    <a href=\"https:\/\/gustaras.com\/lt\/store\/meistras\/\">\r\n\r\n                                        <img decoding=\"async\" src=\"https:\/\/gustaras.com\/wp-content\/uploads\/2026\/04\/cropped-cropped-Leonardo_Kino_XL_Generate_me_an_image_that_displays_html_css_j_2.jpg\"\r\n                                            alt=\"Banner\">\r\n                                    <\/a>\r\n                                                            <\/div>\r\n                            <div class=\"gravatar-container\">\r\n                                                                    <img decoding=\"async\" src=\"\" alt=\"Gravatar\">\r\n                                                            <\/div>\r\n                            <div class=\"info-container\">\r\n                                <h4>\r\n                                    Meistras                                <\/h4>\r\n                               <p>\r\n   &nbsp;\r\n<\/p>\r\n\r\n                                <a href=\"https:\/\/gustaras.com\/lt\/store\/meistras\/\" class=\"more-link\">Daugiau<\/a>\r\n                            <\/div>\r\n                        <\/div>\r\n                    <\/li>\r\n\r\n                \r\n                    <li\r\n                        class=\"dokan-single-seller woocommerce coloum-3 no-banner-img\">\r\n                        <div class=\"vendor_pos_home\">\r\n                            <div class=\"banner-container\">\r\n                                                                    <img decoding=\"async\" src=\"\" alt=\"Banner\">\r\n                                                            <\/div>\r\n                            <div class=\"gravatar-container\">\r\n                                                                    <a href=\"https:\/\/gustaras.com\/lt\/store\/indart\/\">\r\n                                        <img decoding=\"async\" src=\"https:\/\/gustaras.com\/wp-content\/uploads\/2025\/10\/cropped-ART-scaled-2.png\"\r\n                                            alt=\"IndArt\">\r\n                                    <\/a>\r\n                                                            <\/div>\r\n                            <div class=\"info-container\">\r\n                                <h4>\r\n                                    IndArt                                <\/h4>\r\n                               <p>\r\n   &nbsp;\r\n<\/p>\r\n\r\n                                <a href=\"https:\/\/gustaras.com\/lt\/store\/indart\/\" class=\"more-link\">Daugiau<\/a>\r\n                            <\/div>\r\n                        <\/div>\r\n                    <\/li>\r\n\r\n                \r\n                    <li\r\n                        class=\"dokan-single-seller woocommerce coloum-3 no-banner-img\">\r\n                        <div class=\"vendor_pos_home\">\r\n                            <div class=\"banner-container\">\r\n                                                                    <img decoding=\"async\" src=\"\" alt=\"Banner\">\r\n                                                            <\/div>\r\n                            <div class=\"gravatar-container\">\r\n                                                                    <img decoding=\"async\" src=\"\" alt=\"Gravatar\">\r\n                                                            <\/div>\r\n                            <div class=\"info-container\">\r\n                                <h4>\r\n                                    BAX abani                                <\/h4>\r\n                               <p>\r\n   &nbsp;\r\n<\/p>\r\n\r\n                                <a href=\"https:\/\/gustaras.com\/lt\/store\/bax-abani\/\" class=\"more-link\">Daugiau<\/a>\r\n                            <\/div>\r\n                        <\/div>\r\n                    <\/li>\r\n\r\n                \r\n                    <li\r\n                        class=\"dokan-single-seller woocommerce coloum-3 no-banner-img\">\r\n                        <div class=\"vendor_pos_home\">\r\n                            <div class=\"banner-container\">\r\n                                                                    <img decoding=\"async\" src=\"\" alt=\"Banner\">\r\n                                                            <\/div>\r\n                            <div class=\"gravatar-container\">\r\n                                                                    <a href=\"https:\/\/gustaras.com\/lt\/store\/majdkara-artworks\/\">\r\n                                        <img decoding=\"async\" src=\"https:\/\/gustaras.com\/wp-content\/uploads\/2025\/06\/cropped-d46ba1c0-71bb-11ed-b29f-3da05397cd7c-scaled-1.jpg\"\r\n                                            alt=\"MajdKara artworks\">\r\n                                    <\/a>\r\n                                                            <\/div>\r\n                            <div class=\"info-container\">\r\n                                <h4>\r\n                                    MajdKara artworks                                <\/h4>\r\n                               <p>\r\n   Personal Background \r\n<\/p>\r\n\r\n                                <a href=\"https:\/\/gustaras.com\/lt\/store\/majdkara-artworks\/\" class=\"more-link\">Daugiau<\/a>\r\n                            <\/div>\r\n                        <\/div>\r\n                    <\/li>\r\n\r\n                \r\n                    <li\r\n                        class=\"dokan-single-seller woocommerce coloum-3 \">\r\n                        <div class=\"vendor_pos_home\">\r\n                            <div class=\"banner-container\">\r\n                                                                    <a href=\"https:\/\/gustaras.com\/lt\/store\/juvi\/\">\r\n\r\n                                        <img decoding=\"async\" src=\"https:\/\/gustaras.com\/wp-content\/uploads\/2025\/04\/cropped-4.png\"\r\n                                            alt=\"Banner\">\r\n                                    <\/a>\r\n                                                            <\/div>\r\n                            <div class=\"gravatar-container\">\r\n                                                                    <a href=\"https:\/\/gustaras.com\/lt\/store\/juvi\/\">\r\n                                        <img decoding=\"async\" src=\"https:\/\/gustaras.com\/wp-content\/uploads\/2025\/04\/cropped-ChatGPT-Image-2025-04-28-12_04_07.png\"\r\n                                            alt=\"The art of the moment\">\r\n                                    <\/a>\r\n                                                            <\/div>\r\n                            <div class=\"info-container\">\r\n                                <h4>\r\n                                    The art of the moment                                <\/h4>\r\n                               <p>\r\n   I am a great admirer\r\n<\/p>\r\n\r\n                                <a href=\"https:\/\/gustaras.com\/lt\/store\/juvi\/\" class=\"more-link\">Daugiau<\/a>\r\n                            <\/div>\r\n                        <\/div>\r\n                    <\/li>\r\n\r\n                \r\n                    <li\r\n                        class=\"dokan-single-seller woocommerce coloum-3 no-banner-img\">\r\n                        <div class=\"vendor_pos_home\">\r\n                            <div class=\"banner-container\">\r\n                                                                    <img decoding=\"async\" src=\"\" alt=\"Banner\">\r\n                                                            <\/div>\r\n                            <div class=\"gravatar-container\">\r\n                                                                    <img decoding=\"async\" src=\"\" alt=\"Gravatar\">\r\n                                                            <\/div>\r\n                            <div class=\"info-container\">\r\n                                <h4>\r\n                                    Creative Soul                                <\/h4>\r\n                               <p>\r\n   &nbsp;\r\n<\/p>\r\n\r\n                                <a href=\"https:\/\/gustaras.com\/lt\/store\/creativesoul\/\" class=\"more-link\">Daugiau<\/a>\r\n                            <\/div>\r\n                        <\/div>\r\n                    <\/li>\r\n\r\n                \r\n                    <li\r\n                        class=\"dokan-single-seller woocommerce coloum-3 no-banner-img\">\r\n                        <div class=\"vendor_pos_home\">\r\n                            <div class=\"banner-container\">\r\n                                                                    <img decoding=\"async\" src=\"\" alt=\"Banner\">\r\n                                                            <\/div>\r\n                            <div class=\"gravatar-container\">\r\n                                                                    <img decoding=\"async\" src=\"\" alt=\"Gravatar\">\r\n                                                            <\/div>\r\n                            <div class=\"info-container\">\r\n                                <h4>\r\n                                    J.K                                <\/h4>\r\n                               <p>\r\n   &nbsp;\r\n<\/p>\r\n\r\n                                <a href=\"https:\/\/gustaras.com\/lt\/store\/j-k\/\" class=\"more-link\">Daugiau<\/a>\r\n                            <\/div>\r\n                        <\/div>\r\n                    <\/li>\r\n\r\n                \r\n                    <li\r\n                        class=\"dokan-single-seller woocommerce coloum-3 \">\r\n                        <div class=\"vendor_pos_home\">\r\n                            <div class=\"banner-container\">\r\n                                                                    <a href=\"https:\/\/gustaras.com\/lt\/store\/catalpa-art\/\">\r\n\r\n                                        <img decoding=\"async\" src=\"https:\/\/gustaras.com\/wp-content\/uploads\/2025\/04\/cropped-Messenger_creation_C6FB988A-8671-4162-9F0C-11EC26FCD906.jpeg\"\r\n                                            alt=\"Banner\">\r\n                                    <\/a>\r\n                                                            <\/div>\r\n                            <div class=\"gravatar-container\">\r\n                                                                    <a href=\"https:\/\/gustaras.com\/lt\/store\/catalpa-art\/\">\r\n                                        <img decoding=\"async\" src=\"https:\/\/gustaras.com\/wp-content\/uploads\/2025\/04\/cropped-33D5A4DF-1710-4D68-8ECD-A0ACBD5BB737-2.png\"\r\n                                            alt=\"CATALPA ART\">\r\n                                    <\/a>\r\n                                                            <\/div>\r\n                            <div class=\"info-container\">\r\n                                <h4>\r\n                                    CATALPA ART                                <\/h4>\r\n                               <p>\r\n   Daile susidom\u0117jau \u012fs\r\n<\/p>\r\n\r\n                                <a href=\"https:\/\/gustaras.com\/lt\/store\/catalpa-art\/\" class=\"more-link\">Daugiau<\/a>\r\n                            <\/div>\r\n                        <\/div>\r\n                    <\/li>\r\n\r\n                \r\n                    <li\r\n                        class=\"dokan-single-seller woocommerce coloum-3 no-banner-img\">\r\n                        <div class=\"vendor_pos_home\">\r\n                            <div class=\"banner-container\">\r\n                                                                    <img decoding=\"async\" src=\"\" alt=\"Banner\">\r\n                                                            <\/div>\r\n                            <div class=\"gravatar-container\">\r\n                                                                    <a href=\"https:\/\/gustaras.com\/lt\/store\/linra\/\">\r\n                                        <img decoding=\"async\" src=\"https:\/\/gustaras.com\/wp-content\/uploads\/2025\/03\/cropped-Snapchat-2146692185.jpg\"\r\n                                            alt=\"LinRa\">\r\n                                    <\/a>\r\n                                                            <\/div>\r\n                            <div class=\"info-container\">\r\n                                <h4>\r\n                                    LinRa                                <\/h4>\r\n                               <p>\r\n   I love life and phot\r\n<\/p>\r\n\r\n                                <a href=\"https:\/\/gustaras.com\/lt\/store\/linra\/\" class=\"more-link\">Daugiau<\/a>\r\n                            <\/div>\r\n                        <\/div>\r\n                    <\/li>\r\n\r\n                                <div class=\"dokan-clearfix\"><\/div>\r\n            <\/ul> <!-- .dokan-seller-wrap -->\r\n\r\n            <div class=\"pagination-container clearfix\"><div class=\"pagination-wrap\"><ul class=\"pagination\"><li><span aria-current=\"page\" class=\"page-numbers current\">1<\/span><\/li>\n\t<li><a class=\"page-numbers\" href=\"https:\/\/gustaras.com\/lt\/wp-json\/wp\/v2\/pages\/2\/page\/2\/\">2<\/a><\/li>\n\t<li><a class=\"page-numbers\" href=\"https:\/\/gustaras.com\/lt\/wp-json\/wp\/v2\/pages\/3\/page\/3\/\">3<\/a><\/li>\n\t<li><span class=\"page-numbers dots\">&hellip;<\/span><\/li>\n\t<li><a class=\"page-numbers\" href=\"https:\/\/gustaras.com\/lt\/wp-json\/wp\/v2\/pages\/5\/page\/5\/\">5<\/a><\/li>\n\t<li><a class=\"next page-numbers\" href=\"https:\/\/gustaras.com\/lt\/wp-json\/wp\/v2\/pages\/2\/page\/2\/\">Next &rarr;<\/a><\/li>\n<\/ul>\n<\/div><\/div>\r\n            <\/div>\r\n<\/div>\r\n<\/div>\r\n<\/div>\n\n\n<p><\/p>\n","protected":false},"excerpt":{"rendered":"","protected":false},"author":1,"featured_media":0,"parent":0,"menu_order":0,"comment_status":"closed","ping_status":"closed","template":"Store1.php","meta":{"_acf_changed":false,"_monsterinsights_skip_tracking":false,"_monsterinsights_sitenote_active":false,"_monsterinsights_sitenote_note":"","_monsterinsights_sitenote_category":0,"_uf_show_specific_survey":0,"_uf_disable_surveys":false,"footnotes":""},"class_list":["post-36038","page","type-page","status-publish","hentry"],"acf":[],"_links":{"self":[{"href":"https:\/\/gustaras.com\/lt\/wp-json\/wp\/v2\/pages\/36038","targetHints":{"allow":["GET"]}}],"collection":[{"href":"https:\/\/gustaras.com\/lt\/wp-json\/wp\/v2\/pages"}],"about":[{"href":"https:\/\/gustaras.com\/lt\/wp-json\/wp\/v2\/types\/page"}],"author":[{"embeddable":true,"href":"https:\/\/gustaras.com\/lt\/wp-json\/wp\/v2\/users\/1"}],"replies":[{"embeddable":true,"href":"https:\/\/gustaras.com\/lt\/wp-json\/wp\/v2\/comments?post=36038"}],"version-history":[{"count":3,"href":"https:\/\/gustaras.com\/lt\/wp-json\/wp\/v2\/pages\/36038\/revisions"}],"predecessor-version":[{"id":36058,"href":"https:\/\/gustaras.com\/lt\/wp-json\/wp\/v2\/pages\/36038\/revisions\/36058"}],"wp:attachment":[{"href":"https:\/\/gustaras.com\/lt\/wp-json\/wp\/v2\/media?parent=36038"}],"curies":[{"name":"wp","href":"https:\/\/api.w.org\/{rel}","templated":true}]}}