




{"id":38767,"date":"2025-11-25T07:14:51","date_gmt":"2025-11-25T07:14:51","guid":{"rendered":"https:\/\/gustaras.com\/gamyba\/eu-projects\/"},"modified":"2026-03-25T15:35:08","modified_gmt":"2026-03-25T15:35:08","slug":"es-projektai","status":"publish","type":"page","link":"https:\/\/gustaras.com\/lt\/gamyba\/es-projektai\/","title":{"rendered":"ES projektai"},"content":{"rendered":"<div class=\"left-menu\"><img loading=\"lazy\" decoding=\"async\" class=\"alignnone size-medium wp-image-38923\" src=\"https:\/\/gustaras.com\/wp-content\/uploads\/2026\/03\/finansuojaEU-300x67.png\" alt=\"\" width=\"300\" height=\"67\" srcset=\"https:\/\/gustaras.com\/wp-content\/uploads\/2026\/03\/finansuojaEU-300x67.png 300w, https:\/\/gustaras.com\/wp-content\/uploads\/2026\/03\/finansuojaEU-768x171.png 768w, https:\/\/gustaras.com\/wp-content\/uploads\/2026\/03\/finansuojaEU-600x134.png 600w, https:\/\/gustaras.com\/wp-content\/uploads\/2026\/03\/finansuojaEU.png 820w\" sizes=\"auto, (max-width: 300px) 100vw, 300px\" \/><\/div>\n\n\n<h3 class=\"wp-block-heading\">Projektas \u201eUAB \u201eGustaras\u201c spaudos paslaug\u0173 teikimas\u201c TEST<\/h3>\n\n\n\n<p>UAB \u201eGustaras\u201c \u012fgyvendina projekt\u0105, kurio pagrindinis tikslas \u2013 i\u0161pl\u0117sti teikiam\u0173 spausdinimo paslaug\u0173 spektr\u0105, didinti gamybos efektyvum\u0105 ir u\u017etikrinti dar auk\u0161tesn\u0119 spausdintos produkcijos kokyb\u0119.<\/p>\n\n\n\n<ul class=\"wp-block-list\">\n<li><strong>Projekto trukm\u0117:<\/strong>&nbsp;05\/2025 \u2013 03\/2026<\/li>\n\n\n\n<li><strong>Projekto vert\u0117:<\/strong>&nbsp;180&nbsp;895 EUR<\/li>\n\n\n\n<li><strong>ES finansavimas:<\/strong>&nbsp;82&nbsp;598,75 EUR<\/li>\n\n\n\n<li><strong>Atsakingas u\u017e publikacij\u0105<\/strong>&nbsp;Virginija Ju\u0161kait\u0117<\/li>\n<\/ul>\n\n\n\n<p><\/p>\n","protected":false},"excerpt":{"rendered":"<p>Projektas \u201eUAB \u201eGustaras\u201c spaudos paslaug\u0173 teikimas\u201c TEST UAB \u201eGustaras\u201c \u012fgyvendina projekt\u0105, kurio pagrindinis tikslas \u2013 i\u0161pl\u0117sti teikiam\u0173 spausdinimo paslaug\u0173 spektr\u0105, didinti gamybos efektyvum\u0105 ir u\u017etikrinti dar auk\u0161tesn\u0119 spausdintos produkcijos kokyb\u0119.<\/p>\n","protected":false},"author":1,"featured_media":0,"parent":35661,"menu_order":0,"comment_status":"closed","ping_status":"closed","template":"production-template.php","meta":{"_acf_changed":false,"_monsterinsights_skip_tracking":false,"_monsterinsights_sitenote_active":false,"_monsterinsights_sitenote_note":"","_monsterinsights_sitenote_category":0,"_uf_show_specific_survey":0,"_uf_disable_surveys":false,"footnotes":""},"class_list":["post-38767","page","type-page","status-publish","hentry"],"acf":[],"_links":{"self":[{"href":"https:\/\/gustaras.com\/lt\/wp-json\/wp\/v2\/pages\/38767","targetHints":{"allow":["GET"]}}],"collection":[{"href":"https:\/\/gustaras.com\/lt\/wp-json\/wp\/v2\/pages"}],"about":[{"href":"https:\/\/gustaras.com\/lt\/wp-json\/wp\/v2\/types\/page"}],"author":[{"embeddable":true,"href":"https:\/\/gustaras.com\/lt\/wp-json\/wp\/v2\/users\/1"}],"replies":[{"embeddable":true,"href":"https:\/\/gustaras.com\/lt\/wp-json\/wp\/v2\/comments?post=38767"}],"version-history":[{"count":3,"href":"https:\/\/gustaras.com\/lt\/wp-json\/wp\/v2\/pages\/38767\/revisions"}],"predecessor-version":[{"id":38926,"href":"https:\/\/gustaras.com\/lt\/wp-json\/wp\/v2\/pages\/38767\/revisions\/38926"}],"up":[{"embeddable":true,"href":"https:\/\/gustaras.com\/lt\/wp-json\/wp\/v2\/pages\/35661"}],"wp:attachment":[{"href":"https:\/\/gustaras.com\/lt\/wp-json\/wp\/v2\/media?parent=38767"}],"curies":[{"name":"wp","href":"https:\/\/api.w.org\/{rel}","templated":true}]}}