




{"id":28926,"date":"2024-10-23T10:23:47","date_gmt":"2024-10-23T10:23:47","guid":{"rendered":"https:\/\/gustaras.com\/product\/abstrakti-vizija\/"},"modified":"2025-02-03T07:02:04","modified_gmt":"2025-02-03T07:02:04","slug":"abstrakti-vizija","status":"publish","type":"product","link":"https:\/\/gustaras.com\/lt\/produktas\/abstrakti-vizija\/","title":{"rendered":"Abstrakti vizija"},"content":{"rendered":"<p>\u0160iame meno k\u016brinyje \u012fsp\u016bdingai dera abstrakti geometrija ir minimalistinis \u017emogaus profilis. Pilkos spalvos veidas ry\u0161kiai kontrastuoja su ry\u0161kiais oran\u017ein\u0117s, m\u0117lynos ir raudonos spalvos blokais, o ra\u0161tai ir linijos susikerta su forma, sukurdamos daugiasluoksni\u0161kumo poj\u016bt\u012f. Dr\u0105si\u0173 form\u0173 ir a\u0161tri\u0173 padalijim\u0173 naudojimas perteikia ir harmonij\u0105, ir \u012ftamp\u0105, tyrin\u0117jant pusiausvyr\u0105 tarp \u017emogaus i\u0161rai\u0161kos ir geometrin\u0117s abstrakcijos.  <\/p>\n","protected":false},"excerpt":{"rendered":"<p>Bauhauzo stiliaus abstraktus moters portretas<\/p>\n","protected":false},"featured_media":25266,"comment_status":"open","ping_status":"closed","template":"","meta":{"_acf_changed":false,"_monsterinsights_skip_tracking":false,"_monsterinsights_sitenote_active":false,"_monsterinsights_sitenote_note":"","_monsterinsights_sitenote_category":0,"_uf_show_specific_survey":0,"_uf_disable_surveys":false},"product_brand":[],"product_cat":[603],"product_tag":[620],"class_list":{"0":"post-28926","1":"product","2":"type-product","3":"status-publish","4":"has-post-thumbnail","6":"subject-woman-lt","7":"product_cat-skaitmeninis-menas","8":"product_tag-bauhauzas","10":"first","11":"instock","12":"taxable","13":"shipping-taxable","14":"purchasable","15":"product-type-simple"},"acf":[],"_links":{"self":[{"href":"https:\/\/gustaras.com\/lt\/wp-json\/wp\/v2\/product\/28926","targetHints":{"allow":["GET"]}}],"collection":[{"href":"https:\/\/gustaras.com\/lt\/wp-json\/wp\/v2\/product"}],"about":[{"href":"https:\/\/gustaras.com\/lt\/wp-json\/wp\/v2\/types\/product"}],"replies":[{"embeddable":true,"href":"https:\/\/gustaras.com\/lt\/wp-json\/wp\/v2\/comments?post=28926"}],"wp:featuredmedia":[{"embeddable":true,"href":"https:\/\/gustaras.com\/lt\/wp-json\/wp\/v2\/media\/25266"}],"wp:attachment":[{"href":"https:\/\/gustaras.com\/lt\/wp-json\/wp\/v2\/media?parent=28926"}],"wp:term":[{"taxonomy":"product_brand","embeddable":true,"href":"https:\/\/gustaras.com\/lt\/wp-json\/wp\/v2\/product_brand?post=28926"},{"taxonomy":"product_cat","embeddable":true,"href":"https:\/\/gustaras.com\/lt\/wp-json\/wp\/v2\/product_cat?post=28926"},{"taxonomy":"product_tag","embeddable":true,"href":"https:\/\/gustaras.com\/lt\/wp-json\/wp\/v2\/product_tag?post=28926"}],"curies":[{"name":"wp","href":"https:\/\/api.w.org\/{rel}","templated":true}]}}