




{"id":28943,"date":"2024-10-21T08:42:35","date_gmt":"2024-10-21T08:42:35","guid":{"rendered":"https:\/\/gustaras.com\/product\/auksinis-menulis-4\/"},"modified":"2025-02-03T07:02:14","modified_gmt":"2025-02-03T07:02:14","slug":"auksinis-menulis-4","status":"publish","type":"product","link":"https:\/\/gustaras.com\/lt\/produktas\/auksinis-menulis-4\/","title":{"rendered":"Auksinis m\u0117nulis 4"},"content":{"rendered":"<p>Moderni ir minimalistin\u0117 auksin\u0117s folijos stiliaus iliustracija su augalu su lapais, \u017eiedu ir saule pilkame popieriaus fone, su dideliu apvaliu apskritimu, juodomis ra\u0161alo linijomis, tamsiai m\u0117lynais ir baltais tonais, ranka pie\u0161ta tekst\u016bra, auksiniu \u0161viesos atspind\u017eiu, g\u0117li\u0173 kompozicija.<\/p>\n","protected":false},"excerpt":{"rendered":"<p>Moderni ir minimalistin\u0117 augalo su lapais, \u017eiedu ir saule iliustracija.<\/p>\n","protected":false},"featured_media":25167,"comment_status":"open","ping_status":"closed","template":"","meta":{"_acf_changed":false,"_monsterinsights_skip_tracking":false,"_monsterinsights_sitenote_active":false,"_monsterinsights_sitenote_note":"","_monsterinsights_sitenote_category":0,"_uf_show_specific_survey":0,"_uf_disable_surveys":false},"product_brand":[],"product_cat":[607],"product_tag":[608],"class_list":{"0":"post-28943","1":"product","2":"type-product","3":"status-publish","4":"has-post-thumbnail","6":"subject-nature-lt","7":"product_cat-iliustracijos","8":"product_tag-modern1","10":"first","11":"instock","12":"taxable","13":"shipping-taxable","14":"purchasable","15":"product-type-simple"},"acf":[],"_links":{"self":[{"href":"https:\/\/gustaras.com\/lt\/wp-json\/wp\/v2\/product\/28943","targetHints":{"allow":["GET"]}}],"collection":[{"href":"https:\/\/gustaras.com\/lt\/wp-json\/wp\/v2\/product"}],"about":[{"href":"https:\/\/gustaras.com\/lt\/wp-json\/wp\/v2\/types\/product"}],"replies":[{"embeddable":true,"href":"https:\/\/gustaras.com\/lt\/wp-json\/wp\/v2\/comments?post=28943"}],"wp:featuredmedia":[{"embeddable":true,"href":"https:\/\/gustaras.com\/lt\/wp-json\/wp\/v2\/media\/25167"}],"wp:attachment":[{"href":"https:\/\/gustaras.com\/lt\/wp-json\/wp\/v2\/media?parent=28943"}],"wp:term":[{"taxonomy":"product_brand","embeddable":true,"href":"https:\/\/gustaras.com\/lt\/wp-json\/wp\/v2\/product_brand?post=28943"},{"taxonomy":"product_cat","embeddable":true,"href":"https:\/\/gustaras.com\/lt\/wp-json\/wp\/v2\/product_cat?post=28943"},{"taxonomy":"product_tag","embeddable":true,"href":"https:\/\/gustaras.com\/lt\/wp-json\/wp\/v2\/product_tag?post=28943"}],"curies":[{"name":"wp","href":"https:\/\/api.w.org\/{rel}","templated":true}]}}