




{"id":28965,"date":"2024-10-21T07:33:31","date_gmt":"2024-10-21T07:33:31","guid":{"rendered":"https:\/\/gustaras.com\/product\/kalnai-tamsoje-2\/"},"modified":"2025-02-03T07:02:14","modified_gmt":"2025-02-03T07:02:14","slug":"kalnai-tamsoje-2","status":"publish","type":"product","link":"https:\/\/gustaras.com\/lt\/produktas\/kalnai-tamsoje-2\/","title":{"rendered":"Kalnai tamsoje 2"},"content":{"rendered":"<p>Abstrakti ir siurrealistin\u0117 kaln\u0173, up\u0117s su auksin\u0117mis, spindin\u010diomis \u017evaig\u017ed\u0117mis danguje iliustracija, tekst\u016bruota metaline folija ir popieriaus kolia\u017eo elementais, tamsiai tamsiai tamsiai m\u0117lyname fone su aukso spalvos akcentais.<\/p>\n","protected":false},"excerpt":{"rendered":"<p>Abstrakti ir siurrealistin\u0117 kaln\u0173 iliustracija.<\/p>\n","protected":false},"featured_media":25129,"comment_status":"open","ping_status":"closed","template":"","meta":{"_acf_changed":false,"_monsterinsights_skip_tracking":false,"_monsterinsights_sitenote_active":false,"_monsterinsights_sitenote_note":"","_monsterinsights_sitenote_category":0,"_uf_show_specific_survey":0,"_uf_disable_surveys":false},"product_brand":[],"product_cat":[607],"product_tag":[622],"class_list":{"0":"post-28965","1":"product","2":"type-product","3":"status-publish","4":"has-post-thumbnail","6":"subject-mountains-lt","7":"product_cat-iliustracijos","8":"product_tag-siurrealizmas","10":"first","11":"instock","12":"taxable","13":"shipping-taxable","14":"purchasable","15":"product-type-simple"},"acf":[],"_links":{"self":[{"href":"https:\/\/gustaras.com\/lt\/wp-json\/wp\/v2\/product\/28965","targetHints":{"allow":["GET"]}}],"collection":[{"href":"https:\/\/gustaras.com\/lt\/wp-json\/wp\/v2\/product"}],"about":[{"href":"https:\/\/gustaras.com\/lt\/wp-json\/wp\/v2\/types\/product"}],"replies":[{"embeddable":true,"href":"https:\/\/gustaras.com\/lt\/wp-json\/wp\/v2\/comments?post=28965"}],"wp:featuredmedia":[{"embeddable":true,"href":"https:\/\/gustaras.com\/lt\/wp-json\/wp\/v2\/media\/25129"}],"wp:attachment":[{"href":"https:\/\/gustaras.com\/lt\/wp-json\/wp\/v2\/media?parent=28965"}],"wp:term":[{"taxonomy":"product_brand","embeddable":true,"href":"https:\/\/gustaras.com\/lt\/wp-json\/wp\/v2\/product_brand?post=28965"},{"taxonomy":"product_cat","embeddable":true,"href":"https:\/\/gustaras.com\/lt\/wp-json\/wp\/v2\/product_cat?post=28965"},{"taxonomy":"product_tag","embeddable":true,"href":"https:\/\/gustaras.com\/lt\/wp-json\/wp\/v2\/product_tag?post=28965"}],"curies":[{"name":"wp","href":"https:\/\/api.w.org\/{rel}","templated":true}]}}