




{"id":28989,"date":"2024-10-08T12:17:00","date_gmt":"2024-10-08T12:17:00","guid":{"rendered":"https:\/\/gustaras.com\/product\/pasaulio-politinis-zemelapis\/"},"modified":"2026-01-28T07:30:43","modified_gmt":"2026-01-28T07:30:43","slug":"pasaulio-politinis-zemelapis-3","status":"publish","type":"product","link":"https:\/\/gustaras.com\/lt\/produktas\/pasaulio-politinis-zemelapis-3\/","title":{"rendered":"Pasaulio politinis \u017eem\u0117lapis"},"content":{"rendered":"<p>Politiniuose \u017eem\u0117lapiuose pa\u017eym\u0117tos \u0161ali\u0173 ribos, sostin\u0117s ir didieji miestai, taip suteikiant pasaulinio \u017einomumo poj\u016bt\u012f. Nesvarbu, ar m\u0117gstate minimalistin\u012f stili\u0173, ar senovin\u012f dizain\u0105, \u0161ie \u017eem\u0117lapiai puikiai dera prie \u0161iuolaikinio interjero, paversdami j\u016bs\u0173 kambar\u012f ar biur\u0105 erdve, kurioje jau\u010diamas ir rafinuotumas, ir pasaulinis ry\u0161ys. <\/p>\n","protected":false},"excerpt":{"rendered":"<p>Pasaulio politinis \u017eem\u0117lapis<\/p>\n","protected":false},"featured_media":24969,"comment_status":"open","ping_status":"closed","template":"","meta":{"_acf_changed":false,"_monsterinsights_skip_tracking":false,"_monsterinsights_sitenote_active":false,"_monsterinsights_sitenote_note":"","_monsterinsights_sitenote_category":0,"_uf_show_specific_survey":0,"_uf_disable_surveys":false},"product_brand":[],"product_cat":[623],"product_tag":[],"class_list":{"0":"post-28989","1":"product","2":"type-product","3":"status-publish","4":"has-post-thumbnail","6":"product_cat-zemelapiai","8":"first","9":"instock","10":"taxable","11":"shipping-taxable","12":"purchasable","13":"product-type-simple"},"acf":[],"_links":{"self":[{"href":"https:\/\/gustaras.com\/lt\/wp-json\/wp\/v2\/product\/28989","targetHints":{"allow":["GET"]}}],"collection":[{"href":"https:\/\/gustaras.com\/lt\/wp-json\/wp\/v2\/product"}],"about":[{"href":"https:\/\/gustaras.com\/lt\/wp-json\/wp\/v2\/types\/product"}],"replies":[{"embeddable":true,"href":"https:\/\/gustaras.com\/lt\/wp-json\/wp\/v2\/comments?post=28989"}],"wp:featuredmedia":[{"embeddable":true,"href":"https:\/\/gustaras.com\/lt\/wp-json\/wp\/v2\/media\/24969"}],"wp:attachment":[{"href":"https:\/\/gustaras.com\/lt\/wp-json\/wp\/v2\/media?parent=28989"}],"wp:term":[{"taxonomy":"product_brand","embeddable":true,"href":"https:\/\/gustaras.com\/lt\/wp-json\/wp\/v2\/product_brand?post=28989"},{"taxonomy":"product_cat","embeddable":true,"href":"https:\/\/gustaras.com\/lt\/wp-json\/wp\/v2\/product_cat?post=28989"},{"taxonomy":"product_tag","embeddable":true,"href":"https:\/\/gustaras.com\/lt\/wp-json\/wp\/v2\/product_tag?post=28989"}],"curies":[{"name":"wp","href":"https:\/\/api.w.org\/{rel}","templated":true}]}}