




{"id":29007,"date":"2024-10-07T07:50:26","date_gmt":"2024-10-07T07:50:26","guid":{"rendered":"https:\/\/gustaras.com\/product\/chrizantemos\/"},"modified":"2025-02-03T07:02:23","modified_gmt":"2025-02-03T07:02:23","slug":"chrizantemos","status":"publish","type":"product","link":"https:\/\/gustaras.com\/lt\/produktas\/chrizantemos\/","title":{"rendered":"chrizantemos"},"content":{"rendered":"<p>Gra\u017ei chrizantem\u0173, oran\u017eini\u0173 ir balt\u0173 bij\u016bn\u0173 iliustracija tamsiame fone. Tu\u0161o tapybos stilius, subtilios linijos, \u0161velnios spalvos ir kruop\u0161tus teptuko darbas.  <\/p>\n","protected":false},"excerpt":{"rendered":"<p>Gra\u017ei chrizantem\u0173 iliustracija.<\/p>\n","protected":false},"featured_media":24902,"comment_status":"open","ping_status":"closed","template":"","meta":{"_acf_changed":false,"_monsterinsights_skip_tracking":false,"_monsterinsights_sitenote_active":false,"_monsterinsights_sitenote_note":"","_monsterinsights_sitenote_category":0,"_uf_show_specific_survey":0,"_uf_disable_surveys":false},"product_brand":[],"product_cat":[607],"product_tag":[606],"class_list":{"0":"post-29007","1":"product","2":"type-product","3":"status-publish","4":"has-post-thumbnail","6":"subject-botanical-lt","7":"product_cat-iliustracijos","8":"product_tag-iliustracija","10":"first","11":"instock","12":"taxable","13":"shipping-taxable","14":"purchasable","15":"product-type-simple"},"acf":[],"_links":{"self":[{"href":"https:\/\/gustaras.com\/lt\/wp-json\/wp\/v2\/product\/29007","targetHints":{"allow":["GET"]}}],"collection":[{"href":"https:\/\/gustaras.com\/lt\/wp-json\/wp\/v2\/product"}],"about":[{"href":"https:\/\/gustaras.com\/lt\/wp-json\/wp\/v2\/types\/product"}],"replies":[{"embeddable":true,"href":"https:\/\/gustaras.com\/lt\/wp-json\/wp\/v2\/comments?post=29007"}],"wp:featuredmedia":[{"embeddable":true,"href":"https:\/\/gustaras.com\/lt\/wp-json\/wp\/v2\/media\/24902"}],"wp:attachment":[{"href":"https:\/\/gustaras.com\/lt\/wp-json\/wp\/v2\/media?parent=29007"}],"wp:term":[{"taxonomy":"product_brand","embeddable":true,"href":"https:\/\/gustaras.com\/lt\/wp-json\/wp\/v2\/product_brand?post=29007"},{"taxonomy":"product_cat","embeddable":true,"href":"https:\/\/gustaras.com\/lt\/wp-json\/wp\/v2\/product_cat?post=29007"},{"taxonomy":"product_tag","embeddable":true,"href":"https:\/\/gustaras.com\/lt\/wp-json\/wp\/v2\/product_tag?post=29007"}],"curies":[{"name":"wp","href":"https:\/\/api.w.org\/{rel}","templated":true}]}}