




{"id":29037,"date":"2024-10-02T11:00:23","date_gmt":"2024-10-02T11:00:23","guid":{"rendered":"https:\/\/gustaras.com\/product\/gyvenimo-spirale\/"},"modified":"2025-02-03T07:02:24","modified_gmt":"2025-02-03T07:02:24","slug":"gyvenimo-spirale","status":"publish","type":"product","link":"https:\/\/gustaras.com\/lt\/produktas\/gyvenimo-spirale\/","title":{"rendered":"Gyvenimo spiral\u0117"},"content":{"rendered":"<p>Apskritimo formos dizainas juodai baltame fone, su aukso linijomis spiralini\u0173 element\u0173 centre, simetri\u0161ka kompozicija, dideliu kontrastu tarp \u0161viesiai pilk\u0173 ir tamsiai pilk\u0173 ton\u0173, minimalistiniu stiliumi, \u0161altu tonu ir paslaptinga atmosfera.<\/p>\n","protected":false},"excerpt":{"rendered":"<p>Minimalistinis dizainas su abstrak\u010dia spirale ir juodomis bei baltomis spalvomis.<\/p>\n","protected":false},"featured_media":24804,"comment_status":"open","ping_status":"closed","template":"","meta":{"_acf_changed":false,"_monsterinsights_skip_tracking":false,"_monsterinsights_sitenote_active":false,"_monsterinsights_sitenote_note":"","_monsterinsights_sitenote_category":0,"_uf_show_specific_survey":0,"_uf_disable_surveys":false},"product_brand":[],"product_cat":[603],"product_tag":[617],"class_list":{"0":"post-29037","1":"product","2":"type-product","3":"status-publish","4":"has-post-thumbnail","6":"subject-abstract-lt","7":"product_cat-skaitmeninis-menas","8":"product_tag-abstrakcionizmas","10":"first","11":"instock","12":"taxable","13":"shipping-taxable","14":"purchasable","15":"product-type-simple"},"acf":[],"_links":{"self":[{"href":"https:\/\/gustaras.com\/lt\/wp-json\/wp\/v2\/product\/29037","targetHints":{"allow":["GET"]}}],"collection":[{"href":"https:\/\/gustaras.com\/lt\/wp-json\/wp\/v2\/product"}],"about":[{"href":"https:\/\/gustaras.com\/lt\/wp-json\/wp\/v2\/types\/product"}],"replies":[{"embeddable":true,"href":"https:\/\/gustaras.com\/lt\/wp-json\/wp\/v2\/comments?post=29037"}],"wp:featuredmedia":[{"embeddable":true,"href":"https:\/\/gustaras.com\/lt\/wp-json\/wp\/v2\/media\/24804"}],"wp:attachment":[{"href":"https:\/\/gustaras.com\/lt\/wp-json\/wp\/v2\/media?parent=29037"}],"wp:term":[{"taxonomy":"product_brand","embeddable":true,"href":"https:\/\/gustaras.com\/lt\/wp-json\/wp\/v2\/product_brand?post=29037"},{"taxonomy":"product_cat","embeddable":true,"href":"https:\/\/gustaras.com\/lt\/wp-json\/wp\/v2\/product_cat?post=29037"},{"taxonomy":"product_tag","embeddable":true,"href":"https:\/\/gustaras.com\/lt\/wp-json\/wp\/v2\/product_tag?post=29037"}],"curies":[{"name":"wp","href":"https:\/\/api.w.org\/{rel}","templated":true}]}}