




{"id":29043,"date":"2024-09-24T10:25:57","date_gmt":"2024-09-24T10:25:57","guid":{"rendered":"https:\/\/gustaras.com\/product\/kolibriai\/"},"modified":"2025-02-03T07:02:24","modified_gmt":"2025-02-03T07:02:24","slug":"kolibriai","status":"publish","type":"product","link":"https:\/\/gustaras.com\/lt\/produktas\/kolibriai\/","title":{"rendered":"Kolibriai"},"content":{"rendered":"<p>Kolibr\u0173 ir g\u0117li\u0173 modelis, spalvingas fantazijos realizmo stilius, tamsus fonas, detal\u016bs lapai, detali augalija, skaitmeninio meno technika, sodrios spalvos.<\/p>\n","protected":false},"excerpt":{"rendered":"<p>Si\u016blinis ra\u0161tas su skaitmenine kolibr\u0173 iliustracija, j\u0173 ry\u0161kiomis spalvomis ant ve\u0161lios lapijos.<\/p>\n","protected":false},"featured_media":24609,"comment_status":"open","ping_status":"closed","template":"","meta":{"_acf_changed":false,"_monsterinsights_skip_tracking":false,"_monsterinsights_sitenote_active":false,"_monsterinsights_sitenote_note":"","_monsterinsights_sitenote_category":0,"_uf_show_specific_survey":0,"_uf_disable_surveys":false},"product_brand":[],"product_cat":[603],"product_tag":[613],"class_list":{"0":"post-29043","1":"product","2":"type-product","3":"status-publish","4":"has-post-thumbnail","6":"subject-floral-lt","7":"product_cat-skaitmeninis-menas","8":"product_tag-skaitmeninis-menas","10":"first","11":"instock","12":"taxable","13":"shipping-taxable","14":"purchasable","15":"product-type-simple"},"acf":[],"_links":{"self":[{"href":"https:\/\/gustaras.com\/lt\/wp-json\/wp\/v2\/product\/29043","targetHints":{"allow":["GET"]}}],"collection":[{"href":"https:\/\/gustaras.com\/lt\/wp-json\/wp\/v2\/product"}],"about":[{"href":"https:\/\/gustaras.com\/lt\/wp-json\/wp\/v2\/types\/product"}],"replies":[{"embeddable":true,"href":"https:\/\/gustaras.com\/lt\/wp-json\/wp\/v2\/comments?post=29043"}],"wp:featuredmedia":[{"embeddable":true,"href":"https:\/\/gustaras.com\/lt\/wp-json\/wp\/v2\/media\/24609"}],"wp:attachment":[{"href":"https:\/\/gustaras.com\/lt\/wp-json\/wp\/v2\/media?parent=29043"}],"wp:term":[{"taxonomy":"product_brand","embeddable":true,"href":"https:\/\/gustaras.com\/lt\/wp-json\/wp\/v2\/product_brand?post=29043"},{"taxonomy":"product_cat","embeddable":true,"href":"https:\/\/gustaras.com\/lt\/wp-json\/wp\/v2\/product_cat?post=29043"},{"taxonomy":"product_tag","embeddable":true,"href":"https:\/\/gustaras.com\/lt\/wp-json\/wp\/v2\/product_tag?post=29043"}],"curies":[{"name":"wp","href":"https:\/\/api.w.org\/{rel}","templated":true}]}}