




{"id":29794,"date":"2024-11-12T11:31:35","date_gmt":"2024-11-12T11:31:35","guid":{"rendered":"https:\/\/gustaras.com\/product\/kelione-i-kraujo-planeta\/"},"modified":"2025-02-03T07:00:14","modified_gmt":"2025-02-03T07:00:14","slug":"kelione-i-kraujo-planeta","status":"publish","type":"product","link":"https:\/\/gustaras.com\/lt\/produktas\/kelione-i-kraujo-planeta\/","title":{"rendered":"Kelion\u0117 \u012f kraujo planet\u0105"},"content":{"rendered":"","protected":false},"excerpt":{"rendered":"","protected":false},"featured_media":26324,"comment_status":"open","ping_status":"closed","template":"","meta":{"_acf_changed":false,"_monsterinsights_skip_tracking":false,"_monsterinsights_sitenote_active":false,"_monsterinsights_sitenote_note":"","_monsterinsights_sitenote_category":0,"_uf_show_specific_survey":0,"_uf_disable_surveys":false},"product_brand":[],"product_cat":[603],"product_tag":[602],"class_list":{"0":"post-29794","1":"product","2":"type-product","3":"status-publish","4":"has-post-thumbnail","6":"subject-space-astronomy-lt","7":"product_cat-skaitmeninis-menas","8":"product_tag-dirbtinis-intelektas","10":"first","11":"instock","12":"taxable","13":"shipping-taxable","14":"purchasable","15":"product-type-simple"},"acf":[],"_links":{"self":[{"href":"https:\/\/gustaras.com\/lt\/wp-json\/wp\/v2\/product\/29794","targetHints":{"allow":["GET"]}}],"collection":[{"href":"https:\/\/gustaras.com\/lt\/wp-json\/wp\/v2\/product"}],"about":[{"href":"https:\/\/gustaras.com\/lt\/wp-json\/wp\/v2\/types\/product"}],"replies":[{"embeddable":true,"href":"https:\/\/gustaras.com\/lt\/wp-json\/wp\/v2\/comments?post=29794"}],"wp:featuredmedia":[{"embeddable":true,"href":"https:\/\/gustaras.com\/lt\/wp-json\/wp\/v2\/media\/26324"}],"wp:attachment":[{"href":"https:\/\/gustaras.com\/lt\/wp-json\/wp\/v2\/media?parent=29794"}],"wp:term":[{"taxonomy":"product_brand","embeddable":true,"href":"https:\/\/gustaras.com\/lt\/wp-json\/wp\/v2\/product_brand?post=29794"},{"taxonomy":"product_cat","embeddable":true,"href":"https:\/\/gustaras.com\/lt\/wp-json\/wp\/v2\/product_cat?post=29794"},{"taxonomy":"product_tag","embeddable":true,"href":"https:\/\/gustaras.com\/lt\/wp-json\/wp\/v2\/product_tag?post=29794"}],"curies":[{"name":"wp","href":"https:\/\/api.w.org\/{rel}","templated":true}]}}