




{"id":38718,"date":"2025-10-15T15:11:55","date_gmt":"2025-10-15T15:11:55","guid":{"rendered":"https:\/\/gustaras.com\/produktas\/classic-flowers-striped-pattern\/"},"modified":"2025-11-02T18:31:58","modified_gmt":"2025-11-02T18:31:58","slug":"classic-flowers-striped-pattern","status":"publish","type":"product","link":"https:\/\/gustaras.com\/lt\/produktas\/classic-flowers-striped-pattern\/","title":{"rendered":"Klasikin\u0117s g\u0117l\u0117s &#8211; dry\u017euotas ra\u0161tas"},"content":{"rendered":"","protected":false},"excerpt":{"rendered":"<p>Sodri juoda spalva derinama su \u0161velniai margintais g\u0117li\u0173 ornamentais. Saul\u0117gr\u0105\u017e\u0173 ir lapijos motyvai i\u0161d\u0117styti tvarkingomis horizontaliomis juostomis, sukuriant ram\u0173 ritm\u0105, vizualiai pailginant\u012f sien\u0105. Matinis ra\u0161tas \u0161velniai s\u0105veikauja su \u0161viesa \u2013 jokio metalinio blizgesio.  <\/p>\n","protected":false},"featured_media":38635,"comment_status":"open","ping_status":"closed","template":"","meta":{"_acf_changed":false,"_monsterinsights_skip_tracking":false,"_monsterinsights_sitenote_active":false,"_monsterinsights_sitenote_note":"","_monsterinsights_sitenote_category":0,"_uf_show_specific_survey":0,"_uf_disable_surveys":false},"product_brand":[],"product_cat":[762],"product_tag":[],"class_list":{"0":"post-38718","1":"product","2":"type-product","3":"status-publish","4":"has-post-thumbnail","6":"subject-other-lt","7":"product_cat-tapetai","9":"first","10":"instock","11":"taxable","12":"shipping-taxable","13":"purchasable","14":"product-type-simple"},"acf":[],"_links":{"self":[{"href":"https:\/\/gustaras.com\/lt\/wp-json\/wp\/v2\/product\/38718","targetHints":{"allow":["GET"]}}],"collection":[{"href":"https:\/\/gustaras.com\/lt\/wp-json\/wp\/v2\/product"}],"about":[{"href":"https:\/\/gustaras.com\/lt\/wp-json\/wp\/v2\/types\/product"}],"replies":[{"embeddable":true,"href":"https:\/\/gustaras.com\/lt\/wp-json\/wp\/v2\/comments?post=38718"}],"wp:featuredmedia":[{"embeddable":true,"href":"https:\/\/gustaras.com\/lt\/wp-json\/wp\/v2\/media\/38635"}],"wp:attachment":[{"href":"https:\/\/gustaras.com\/lt\/wp-json\/wp\/v2\/media?parent=38718"}],"wp:term":[{"taxonomy":"product_brand","embeddable":true,"href":"https:\/\/gustaras.com\/lt\/wp-json\/wp\/v2\/product_brand?post=38718"},{"taxonomy":"product_cat","embeddable":true,"href":"https:\/\/gustaras.com\/lt\/wp-json\/wp\/v2\/product_cat?post=38718"},{"taxonomy":"product_tag","embeddable":true,"href":"https:\/\/gustaras.com\/lt\/wp-json\/wp\/v2\/product_tag?post=38718"}],"curies":[{"name":"wp","href":"https:\/\/api.w.org\/{rel}","templated":true}]}}