




{"id":38721,"date":"2025-10-16T15:36:10","date_gmt":"2025-10-16T15:36:10","guid":{"rendered":"https:\/\/gustaras.com\/produktas\/soft-mosaic-wallpaper-soft-grey-beige-with\/"},"modified":"2025-11-02T18:32:50","modified_gmt":"2025-11-02T18:32:50","slug":"soft-mosaic-wallpaper-soft-grey-beige-with","status":"publish","type":"product","link":"https:\/\/gustaras.com\/lt\/produktas\/soft-mosaic-wallpaper-soft-grey-beige-with\/","title":{"rendered":"\u201eSoft Mosaic\u201c tapetai \u2013 \u0161velni pilkai sm\u0117lio spalvos su"},"content":{"rendered":"","protected":false},"excerpt":{"rendered":"<p>\u0160viesiai pilki mozaikiniai tapetai ant \u0161ilto sm\u0117lio atspalvio pagrindo sukuria jauki\u0105, tvarking\u0105 ir subtiliai retro atmosfer\u0105. Puikiai tinka svetainei, miegamajam ar nam\u0173 biurui \u2013 jie gra\u017eiai dera su med\u017eiu, akmeniu ir minimalistiniais baldais. <\/p>\n","protected":false},"featured_media":38659,"comment_status":"open","ping_status":"closed","template":"","meta":{"_acf_changed":false,"_monsterinsights_skip_tracking":false,"_monsterinsights_sitenote_active":false,"_monsterinsights_sitenote_note":"","_monsterinsights_sitenote_category":0,"_uf_show_specific_survey":0,"_uf_disable_surveys":false},"product_brand":[],"product_cat":[762],"product_tag":[],"class_list":{"0":"post-38721","1":"product","2":"type-product","3":"status-publish","4":"has-post-thumbnail","6":"subject-other-lt","7":"product_cat-tapetai","9":"first","10":"instock","11":"taxable","12":"shipping-taxable","13":"purchasable","14":"product-type-simple"},"acf":[],"_links":{"self":[{"href":"https:\/\/gustaras.com\/lt\/wp-json\/wp\/v2\/product\/38721","targetHints":{"allow":["GET"]}}],"collection":[{"href":"https:\/\/gustaras.com\/lt\/wp-json\/wp\/v2\/product"}],"about":[{"href":"https:\/\/gustaras.com\/lt\/wp-json\/wp\/v2\/types\/product"}],"replies":[{"embeddable":true,"href":"https:\/\/gustaras.com\/lt\/wp-json\/wp\/v2\/comments?post=38721"}],"wp:featuredmedia":[{"embeddable":true,"href":"https:\/\/gustaras.com\/lt\/wp-json\/wp\/v2\/media\/38659"}],"wp:attachment":[{"href":"https:\/\/gustaras.com\/lt\/wp-json\/wp\/v2\/media?parent=38721"}],"wp:term":[{"taxonomy":"product_brand","embeddable":true,"href":"https:\/\/gustaras.com\/lt\/wp-json\/wp\/v2\/product_brand?post=38721"},{"taxonomy":"product_cat","embeddable":true,"href":"https:\/\/gustaras.com\/lt\/wp-json\/wp\/v2\/product_cat?post=38721"},{"taxonomy":"product_tag","embeddable":true,"href":"https:\/\/gustaras.com\/lt\/wp-json\/wp\/v2\/product_tag?post=38721"}],"curies":[{"name":"wp","href":"https:\/\/api.w.org\/{rel}","templated":true}]}}