




{"id":38724,"date":"2025-10-28T07:53:36","date_gmt":"2025-10-28T07:53:36","guid":{"rendered":"https:\/\/gustaras.com\/produktas\/medallions-a-subtle-classic-for-modern-homes\/"},"modified":"2025-11-02T18:34:21","modified_gmt":"2025-11-02T18:34:21","slug":"medallions-a-subtle-classic-for-modern-homes","status":"publish","type":"product","link":"https:\/\/gustaras.com\/lt\/produktas\/medallions-a-subtle-classic-for-modern-homes\/","title":{"rendered":"\u201eMedalionai\u201c \u2013 subtili klasika moderniems namams."},"content":{"rendered":"","protected":false},"excerpt":{"rendered":"<p data-start=\"50\" data-end=\"313\">\u0160ie \u0161velniai kremin\u0117s-sm\u0117lio spalvos tapetai su smulkiu, ritmi\u0161ku medalion\u0173 ra\u0161tu sukuria jauki\u0105, tvarking\u0105 ir eleganti\u0161k\u0105 atmosfer\u0105. Pastelin\u0117 palet\u0117 vizualiai padidina erdv\u0119, o subtilus ornamentas suteikia sienoms tekst\u016bros, neu\u017ego\u017edamas interjero.<\/p>\n<p data-start=\"315\" data-end=\"543\" data-is-last-node=\"\" data-is-only-node=\"\">Tinka svetainei, miegamajam, prie\u0161kambariui ar nam\u0173 biurui. Lengvai dera su nat\u016bralia mediena, \u0161viesiais tekstil\u0117s gaminiais, akmens pavir\u0161iais ir juodo metalo akcentais. Puikus pasirinkimas skandinavi\u0161kam, moderniam klasikiniam ar minimalistiniam stiliui.<\/p>\n","protected":false},"featured_media":38666,"comment_status":"open","ping_status":"closed","template":"","meta":{"_acf_changed":false,"_monsterinsights_skip_tracking":false,"_monsterinsights_sitenote_active":false,"_monsterinsights_sitenote_note":"","_monsterinsights_sitenote_category":0,"_uf_show_specific_survey":0,"_uf_disable_surveys":false},"product_brand":[],"product_cat":[762],"product_tag":[],"class_list":{"0":"post-38724","1":"product","2":"type-product","3":"status-publish","4":"has-post-thumbnail","6":"subject-other-lt","7":"product_cat-tapetai","9":"first","10":"instock","11":"taxable","12":"shipping-taxable","13":"purchasable","14":"product-type-simple"},"acf":[],"_links":{"self":[{"href":"https:\/\/gustaras.com\/lt\/wp-json\/wp\/v2\/product\/38724","targetHints":{"allow":["GET"]}}],"collection":[{"href":"https:\/\/gustaras.com\/lt\/wp-json\/wp\/v2\/product"}],"about":[{"href":"https:\/\/gustaras.com\/lt\/wp-json\/wp\/v2\/types\/product"}],"replies":[{"embeddable":true,"href":"https:\/\/gustaras.com\/lt\/wp-json\/wp\/v2\/comments?post=38724"}],"wp:featuredmedia":[{"embeddable":true,"href":"https:\/\/gustaras.com\/lt\/wp-json\/wp\/v2\/media\/38666"}],"wp:attachment":[{"href":"https:\/\/gustaras.com\/lt\/wp-json\/wp\/v2\/media?parent=38724"}],"wp:term":[{"taxonomy":"product_brand","embeddable":true,"href":"https:\/\/gustaras.com\/lt\/wp-json\/wp\/v2\/product_brand?post=38724"},{"taxonomy":"product_cat","embeddable":true,"href":"https:\/\/gustaras.com\/lt\/wp-json\/wp\/v2\/product_cat?post=38724"},{"taxonomy":"product_tag","embeddable":true,"href":"https:\/\/gustaras.com\/lt\/wp-json\/wp\/v2\/product_tag?post=38724"}],"curies":[{"name":"wp","href":"https:\/\/api.w.org\/{rel}","templated":true}]}}