




{"id":38757,"date":"2025-11-09T18:26:28","date_gmt":"2025-11-09T18:26:28","guid":{"rendered":"https:\/\/gustaras.com\/produktas\/damask-wallpaper-black-on-a-champagne-with-micro-dots\/"},"modified":"2026-03-13T07:33:36","modified_gmt":"2026-03-13T07:33:36","slug":"damask-wallpaper-black-on-a-champagne-with-micro-dots","status":"publish","type":"product","link":"https:\/\/gustaras.com\/lt\/produktas\/damask-wallpaper-black-on-a-champagne-with-micro-dots\/","title":{"rendered":"Damasto tapetas \u2013 juodas ant \u0161ampaninio fono su ta\u0161keliais"},"content":{"rendered":"","protected":false},"excerpt":{"rendered":"<p>\u0160io varianto i\u0161skirtinumas \u2013 subtil\u016bs mikrota\u0161keliai \u0161ampaniniame fone, kurie suteikia pavir\u0161iui gyvumo, tekst\u016bros ir lengvo \u017evilgesio. Kontrastingas juodas damasto motyvas i\u0161lieka ry\u0161kus ir eleganti\u0161kas, o ta\u0161kuotas fonas vizualiai sumink\u0161tina kontrast\u0105 ir padeda pasl\u0117pti smulkius nelygumus ar sujungimus. Puikus pasirinkimas akcentinei sienai arba visam kambariui.  <\/p>\n","protected":false},"featured_media":38752,"comment_status":"open","ping_status":"closed","template":"","meta":{"_acf_changed":false,"_monsterinsights_skip_tracking":false,"_monsterinsights_sitenote_active":false,"_monsterinsights_sitenote_note":"","_monsterinsights_sitenote_category":0,"_uf_show_specific_survey":0,"_uf_disable_surveys":false},"product_brand":[],"product_cat":[762],"product_tag":[],"class_list":{"0":"post-38757","1":"product","2":"type-product","3":"status-publish","4":"has-post-thumbnail","6":"subject-other-lt","7":"product_cat-tapetai","9":"first","10":"instock","11":"taxable","12":"shipping-taxable","13":"purchasable","14":"product-type-simple"},"acf":[],"_links":{"self":[{"href":"https:\/\/gustaras.com\/lt\/wp-json\/wp\/v2\/product\/38757","targetHints":{"allow":["GET"]}}],"collection":[{"href":"https:\/\/gustaras.com\/lt\/wp-json\/wp\/v2\/product"}],"about":[{"href":"https:\/\/gustaras.com\/lt\/wp-json\/wp\/v2\/types\/product"}],"replies":[{"embeddable":true,"href":"https:\/\/gustaras.com\/lt\/wp-json\/wp\/v2\/comments?post=38757"}],"wp:featuredmedia":[{"embeddable":true,"href":"https:\/\/gustaras.com\/lt\/wp-json\/wp\/v2\/media\/38752"}],"wp:attachment":[{"href":"https:\/\/gustaras.com\/lt\/wp-json\/wp\/v2\/media?parent=38757"}],"wp:term":[{"taxonomy":"product_brand","embeddable":true,"href":"https:\/\/gustaras.com\/lt\/wp-json\/wp\/v2\/product_brand?post=38757"},{"taxonomy":"product_cat","embeddable":true,"href":"https:\/\/gustaras.com\/lt\/wp-json\/wp\/v2\/product_cat?post=38757"},{"taxonomy":"product_tag","embeddable":true,"href":"https:\/\/gustaras.com\/lt\/wp-json\/wp\/v2\/product_tag?post=38757"}],"curies":[{"name":"wp","href":"https:\/\/api.w.org\/{rel}","templated":true}]}}